{"id":12,"date":"2023-09-02T11:04:16","date_gmt":"2023-09-02T11:04:16","guid":{"rendered":"https:\/\/gdansksightseeing.pl\/?page_id=12"},"modified":"2023-09-22T08:19:06","modified_gmt":"2023-09-22T08:19:06","slug":"zwiedzaj-gdansk-zabytkowym-meleksem","status":"publish","type":"page","link":"https:\/\/gdansksightseeing.pl\/index.php\/zwiedzaj-gdansk-zabytkowym-meleksem\/","title":{"rendered":"Wycieczk"},"content":{"rendered":"\n<hr class=\"wp-block-separator alignfull has-alpha-channel-opacity\" style=\"margin-top:0;margin-bottom:var(--wp--preset--spacing--50)\"\/>\n\n\n\n<div class=\"wp-block-columns is-layout-flex wp-container-2 wp-block-columns-is-layout-flex\">\n<div class=\"wp-block-column is-vertically-aligned-center is-layout-flow wp-block-column-is-layout-flow\">\n<figure class=\"wp-block-image size-large is-resized\"><a href=\"gdansksightseeing.pl\/index.php\/zwiedzaj-gdansk-zabytkowym-meleksem-2\/\" target=\"_blank\" rel=\"noreferrer noopener\"><img decoding=\"async\" loading=\"lazy\" src=\"https:\/\/gdansksightseeing.pl\/wp-content\/uploads\/2023\/09\/gdansk-image-1-6-1024x576.jpg\" alt=\"\" class=\"wp-image-72\" style=\"width:652px;height:367px\" width=\"652\" height=\"367\" srcset=\"https:\/\/gdansksightseeing.pl\/wp-content\/uploads\/2023\/09\/gdansk-image-1-6-1024x576.jpg 1024w, https:\/\/gdansksightseeing.pl\/wp-content\/uploads\/2023\/09\/gdansk-image-1-6-300x169.jpg 300w, https:\/\/gdansksightseeing.pl\/wp-content\/uploads\/2023\/09\/gdansk-image-1-6-768x432.jpg 768w, https:\/\/gdansksightseeing.pl\/wp-content\/uploads\/2023\/09\/gdansk-image-1-6-1536x864.jpg 1536w, https:\/\/gdansksightseeing.pl\/wp-content\/uploads\/2023\/09\/gdansk-image-1-6.jpg 1920w\" sizes=\"(max-width: 652px) 100vw, 652px\" \/><\/a><\/figure>\n<\/div>\n<\/div>\n\n\n\n<p class=\"has-text-align-center\"><a href=\"http:\/\/gdansksightseeing.pl\/index.php\/zwiedzaj-gdansk-zabytkowym-meleksem-2\/\"><strong>Zwiedzaj Gda\u0144sk Zabytkowym Meleksem&nbsp;<\/strong><\/a><\/p>\n\n\n\n<hr class=\"wp-block-separator alignwide has-alpha-channel-opacity\" style=\"margin-top:var(--wp--preset--spacing--30);margin-bottom:var(--wp--preset--spacing--40)\"\/>\n\n\n\n<figure class=\"wp-block-image size-large\"><img decoding=\"async\" loading=\"lazy\" width=\"1024\" height=\"768\" src=\"https:\/\/gdansksightseeing.pl\/wp-content\/uploads\/2023\/09\/tour-guide-3-1-1024x768.jpg\" alt=\"\" class=\"wp-image-107\" srcset=\"https:\/\/gdansksightseeing.pl\/wp-content\/uploads\/2023\/09\/tour-guide-3-1-1024x768.jpg 1024w, https:\/\/gdansksightseeing.pl\/wp-content\/uploads\/2023\/09\/tour-guide-3-1-300x225.jpg 300w, https:\/\/gdansksightseeing.pl\/wp-content\/uploads\/2023\/09\/tour-guide-3-1-768x576.jpg 768w, https:\/\/gdansksightseeing.pl\/wp-content\/uploads\/2023\/09\/tour-guide-3-1-1536x1152.jpg 1536w, https:\/\/gdansksightseeing.pl\/wp-content\/uploads\/2023\/09\/tour-guide-3-1-2048x1536.jpg 2048w\" sizes=\"(max-width: 1024px) 100vw, 1024px\" \/><\/figure>\n\n\n\n<p class=\"has-text-align-center\"><strong><a href=\"http:\/\/gdansksightseeing.pl\/index.php\/zwiedzanie-gdanska-z-przewodnikiem\/\">Wypo\u017cyczenie systemu Tour guide<\/a><\/strong><\/p>\n\n\n\n<hr class=\"wp-block-separator alignwide has-alpha-channel-opacity\" style=\"margin-top:var(--wp--preset--spacing--30);margin-bottom:var(--wp--preset--spacing--40)\"\/>\n\n\n\n<figure class=\"wp-block-image size-large\"><img decoding=\"async\" loading=\"lazy\" width=\"1024\" height=\"683\" src=\"https:\/\/gdansksightseeing.pl\/wp-content\/uploads\/2023\/09\/AdobeStock_180996541-1-1024x683.jpeg\" alt=\"\" class=\"wp-image-75\" srcset=\"https:\/\/gdansksightseeing.pl\/wp-content\/uploads\/2023\/09\/AdobeStock_180996541-1-1024x683.jpeg 1024w, https:\/\/gdansksightseeing.pl\/wp-content\/uploads\/2023\/09\/AdobeStock_180996541-1-300x200.jpeg 300w, https:\/\/gdansksightseeing.pl\/wp-content\/uploads\/2023\/09\/AdobeStock_180996541-1-768x513.jpeg 768w, https:\/\/gdansksightseeing.pl\/wp-content\/uploads\/2023\/09\/AdobeStock_180996541-1-1536x1025.jpeg 1536w, https:\/\/gdansksightseeing.pl\/wp-content\/uploads\/2023\/09\/AdobeStock_180996541-1-2048x1367.jpeg 2048w\" sizes=\"(max-width: 1024px) 100vw, 1024px\" \/><\/figure>\n\n\n\n<p class=\"has-text-align-center\"><strong><a href=\"http:\/\/gdansksightseeing.pl\/index.php\/zwiedzanie-gdanska-z-przewodnikiem-z-systemem-tour-guide\/\">Zwiedzanie Gda\u0144ska z przewodnikiem z systemem tour guide<\/a><\/strong><\/p>\n","protected":false},"excerpt":{"rendered":"<p>Zwiedzaj Gda\u0144sk Zabytkowym Meleksem&nbsp; Wypo\u017cyczenie systemu Tour guide Zwiedzanie Gda\u0144ska z przewodnikiem z systemem tour guide<\/p>\n","protected":false},"author":3,"featured_media":0,"parent":0,"menu_order":0,"comment_status":"closed","ping_status":"closed","template":"","meta":{"footnotes":""},"_links":{"self":[{"href":"https:\/\/gdansksightseeing.pl\/index.php\/wp-json\/wp\/v2\/pages\/12"}],"collection":[{"href":"https:\/\/gdansksightseeing.pl\/index.php\/wp-json\/wp\/v2\/pages"}],"about":[{"href":"https:\/\/gdansksightseeing.pl\/index.php\/wp-json\/wp\/v2\/types\/page"}],"author":[{"embeddable":true,"href":"https:\/\/gdansksightseeing.pl\/index.php\/wp-json\/wp\/v2\/users\/3"}],"replies":[{"embeddable":true,"href":"https:\/\/gdansksightseeing.pl\/index.php\/wp-json\/wp\/v2\/comments?post=12"}],"version-history":[{"count":11,"href":"https:\/\/gdansksightseeing.pl\/index.php\/wp-json\/wp\/v2\/pages\/12\/revisions"}],"predecessor-version":[{"id":108,"href":"https:\/\/gdansksightseeing.pl\/index.php\/wp-json\/wp\/v2\/pages\/12\/revisions\/108"}],"wp:attachment":[{"href":"https:\/\/gdansksightseeing.pl\/index.php\/wp-json\/wp\/v2\/media?parent=12"}],"curies":[{"name":"wp","href":"https:\/\/api.w.org\/{rel}","templated":true}]}}