{"id":16,"date":"2023-09-02T11:24:26","date_gmt":"2023-09-02T11:24:26","guid":{"rendered":"https:\/\/gdansksightseeing.pl\/?page_id=16"},"modified":"2023-09-22T08:17:54","modified_gmt":"2023-09-22T08:17:54","slug":"zwiedzanie-gdanska-z-przewodnikiem","status":"publish","type":"page","link":"https:\/\/gdansksightseeing.pl\/index.php\/zwiedzanie-gdanska-z-przewodnikiem\/","title":{"rendered":"Wypo\u017cyczenie systemu Tour guide"},"content":{"rendered":"\n<hr class=\"wp-block-separator alignfull has-alpha-channel-opacity\" style=\"margin-top:var(--wp--preset--spacing--40);margin-bottom:var(--wp--preset--spacing--40)\"\/>\n\n\n\n<figure class=\"wp-block-image size-large\"><img decoding=\"async\" loading=\"lazy\" width=\"1024\" height=\"768\" src=\"https:\/\/gdansksightseeing.pl\/wp-content\/uploads\/2023\/09\/tour-guide-3-1024x768.jpg\" alt=\"\" class=\"wp-image-105\" srcset=\"https:\/\/gdansksightseeing.pl\/wp-content\/uploads\/2023\/09\/tour-guide-3-1024x768.jpg 1024w, https:\/\/gdansksightseeing.pl\/wp-content\/uploads\/2023\/09\/tour-guide-3-300x225.jpg 300w, https:\/\/gdansksightseeing.pl\/wp-content\/uploads\/2023\/09\/tour-guide-3-768x576.jpg 768w, https:\/\/gdansksightseeing.pl\/wp-content\/uploads\/2023\/09\/tour-guide-3-1536x1152.jpg 1536w, https:\/\/gdansksightseeing.pl\/wp-content\/uploads\/2023\/09\/tour-guide-3-2048x1536.jpg 2048w\" sizes=\"(max-width: 1024px) 100vw, 1024px\" \/><\/figure>\n\n\n\n<p>Zapraszamy do wypo\u017cyczenia systemu Tour guide r\u00f3wnie\u017c innych przewodnik\u00f3w miejskich na terenie Gda\u0144ska i w okolicach. Osoby zainteresowany zach\u0119cam do kontaktu <strong>pod adresm email <\/strong><a href=\"mailto:kontakt@gdansksightseeing.pl\"><strong>kontakt@gdansksightseeing.pl<\/strong><\/a><\/p>\n\n\n\n<p><\/p>\n\n\n\n<p><\/p>\n\n\n\n<p><br><\/p>\n","protected":false},"excerpt":{"rendered":"<p>Zapraszamy do wypo\u017cyczenia systemu Tour guide r\u00f3wnie\u017c innych przewodnik\u00f3w miejskich na terenie Gda\u0144ska i w okolicach. Osoby zainteresowany zach\u0119cam do kontaktu pod adresm email kontakt@gdansksightseeing.pl<\/p>\n","protected":false},"author":3,"featured_media":0,"parent":0,"menu_order":0,"comment_status":"closed","ping_status":"closed","template":"","meta":{"footnotes":""},"_links":{"self":[{"href":"https:\/\/gdansksightseeing.pl\/index.php\/wp-json\/wp\/v2\/pages\/16"}],"collection":[{"href":"https:\/\/gdansksightseeing.pl\/index.php\/wp-json\/wp\/v2\/pages"}],"about":[{"href":"https:\/\/gdansksightseeing.pl\/index.php\/wp-json\/wp\/v2\/types\/page"}],"author":[{"embeddable":true,"href":"https:\/\/gdansksightseeing.pl\/index.php\/wp-json\/wp\/v2\/users\/3"}],"replies":[{"embeddable":true,"href":"https:\/\/gdansksightseeing.pl\/index.php\/wp-json\/wp\/v2\/comments?post=16"}],"version-history":[{"count":3,"href":"https:\/\/gdansksightseeing.pl\/index.php\/wp-json\/wp\/v2\/pages\/16\/revisions"}],"predecessor-version":[{"id":106,"href":"https:\/\/gdansksightseeing.pl\/index.php\/wp-json\/wp\/v2\/pages\/16\/revisions\/106"}],"wp:attachment":[{"href":"https:\/\/gdansksightseeing.pl\/index.php\/wp-json\/wp\/v2\/media?parent=16"}],"curies":[{"name":"wp","href":"https:\/\/api.w.org\/{rel}","templated":true}]}}