{"id":19,"date":"2023-09-02T11:30:33","date_gmt":"2023-09-02T11:30:33","guid":{"rendered":"https:\/\/gdansksightseeing.pl\/?page_id=19"},"modified":"2023-09-02T14:39:15","modified_gmt":"2023-09-02T14:39:15","slug":"zwiedzanie-gdanska-z-przewodnikiem-z-systemem-tour-guide","status":"publish","type":"page","link":"https:\/\/gdansksightseeing.pl\/index.php\/zwiedzanie-gdanska-z-przewodnikiem-z-systemem-tour-guide\/","title":{"rendered":"Zwiedzanie Gda\u0144ska z przewodnikiem z systemem tour guide"},"content":{"rendered":"\n<hr class=\"wp-block-separator alignfull has-alpha-channel-opacity\"\/>\n\n\n\n<figure class=\"wp-block-image size-large\"><img decoding=\"async\" loading=\"lazy\" width=\"1024\" height=\"464\" src=\"https:\/\/gdansksightseeing.pl\/wp-content\/uploads\/2023\/09\/tour-guide-system-1024x464.jpg\" alt=\"\" class=\"wp-image-20\" srcset=\"https:\/\/gdansksightseeing.pl\/wp-content\/uploads\/2023\/09\/tour-guide-system-1024x464.jpg 1024w, https:\/\/gdansksightseeing.pl\/wp-content\/uploads\/2023\/09\/tour-guide-system-300x136.jpg 300w, https:\/\/gdansksightseeing.pl\/wp-content\/uploads\/2023\/09\/tour-guide-system-768x348.jpg 768w, https:\/\/gdansksightseeing.pl\/wp-content\/uploads\/2023\/09\/tour-guide-system-1536x696.jpg 1536w, https:\/\/gdansksightseeing.pl\/wp-content\/uploads\/2023\/09\/tour-guide-system.jpg 1920w\" sizes=\"(max-width: 1024px) 100vw, 1024px\" \/><\/figure>\n\n\n\n<p><strong>Przegl\u0105d najwa\u017cniejszych wydarze\u0144:<\/strong><\/p>\n\n\n\n<ul>\n<li>Wybierz opcj\u0119 z systemem tour guide i zwiedzaj swobodnie ca\u0142y czas s\u0142ysz\u0105c przewodnika<\/li>\n\n\n\n<li>Odkryj wszystkie najlepsze zabytki w Gda\u0144sku, takie jak ko\u015bci\u00f3\u0142 Mariacki, fontanna Neptuna, stocznia<\/li>\n\n\n\n<li>Poznaj fascynuj\u0105c\u0105 histori\u0119 Gda\u0144ska poprzez Stare i G\u0142\u00f3wne Miasto<\/li>\n<\/ul>\n\n\n\n<p><strong>Kr\u00f3tki opis:<\/strong><\/p>\n\n\n\n<p>Poznaj histori\u0119 Gda\u0144ska. Wybierz si\u0119 na wycieczk\u0119 z przewodnikiem po Starym i G\u0142\u00f3wnym Mie\u015bcie. Odkryj atrakcje Gda\u0144ska z przewodnikiem i zobacz niezwyk\u0142e zabytki, takie jak Ko\u015bci\u00f3\u0142 Mariacki, Dw\u00f3r Artura i Z\u0142ota Brama.<\/p>\n\n\n\n<p><strong>Pe\u0142ny opis:<\/strong><strong><br><\/strong>Ciesz si\u0119 towarzystwem profesjonalnego lokalnego przewodnika, kt\u00f3ry opowie Ci fascynuj\u0105c\u0105 histori\u0119 Gda\u0144ska od wczesnego \u015bredniowiecza na Starym Mie\u015bcie do czas\u00f3w komunizmu na Stoczni.<\/p>\n\n\n\n<p>Podziwiaj pi\u0119kno Gda\u0144skiej Star\u00f3wki i poczuj fantastyczn\u0105 atmosfer\u0119 na D\u0142ugim Targu. Znajdziesz tam niesamowite budynki, takie jak Ko\u015bci\u00f3\u0142 Mariacki, kt\u00f3ry jest najwi\u0119kszym ceglanym ko\u015bcio\u0142em na \u015bwiecie. Na ka\u017cdym rogu odkryjesz coraz wi\u0119cej. Zobacz Arthur\u2019s Court, Golden Gate i jedynego w swoim rodzaju Cranza.<\/p>\n\n\n\n<p>Podczas tej wycieczki zobaczysz i poznasz histori\u0119 Starego i G\u0142\u00f3wnwego Miasto. Poznasz wiele legend, anegdot i intryguj\u0105cych tajemnic, a ta wycieczka pozostanie na d\u0142ugo w Twojej pami\u0119ci!<br><\/p>\n\n\n\n<p><strong>Co jest zawarte:<\/strong><\/p>\n\n\n\n<ul>\n<li>2-godzinne zwiedzanie Gda\u0144ska&nbsp;<\/li>\n\n\n\n<li>Tour Guide System<\/li>\n\n\n\n<li>Prywatny profesjonalny przewodnik na \u017cywo&nbsp;<\/li>\n\n\n\n<li>Mn\u00f3stwo informacji o Gda\u0144sku, historii i zwyczajach<\/li>\n\n\n\n<li>Ciekawa trasa pe\u0142na Gda\u0144sk G\u0142\u00f3wne atrakcje Starego Miasta<\/li>\n<\/ul>\n\n\n\n<p><strong>Wiedz przed wyjazdem:<\/strong><\/p>\n\n\n\n<p>\u2022 Sprawd\u017a poczt\u0119 e-mail na dzie\u0144 przed wycieczk\u0105, aby otrzyma\u0107 wa\u017cne informacje<\/p>\n\n\n\n<p><strong>\u017beby wykupi\u0107 wycieczk\u0119 \u2013 wy\u015blij zapytanie na maila kontakt@gdansksightseeing.pl<\/strong><\/p>\n","protected":false},"excerpt":{"rendered":"<p>Przegl\u0105d najwa\u017cniejszych wydarze\u0144: Kr\u00f3tki opis: Poznaj histori\u0119 Gda\u0144ska. Wybierz si\u0119 na wycieczk\u0119 z przewodnikiem po Starym i G\u0142\u00f3wnym Mie\u015bcie. Odkryj atrakcje Gda\u0144ska z przewodnikiem i zobacz niezwyk\u0142e zabytki, takie jak Ko\u015bci\u00f3\u0142 Mariacki, Dw\u00f3r Artura i Z\u0142ota Brama. Pe\u0142ny opis:Ciesz si\u0119 towarzystwem profesjonalnego lokalnego przewodnika, kt\u00f3ry opowie Ci fascynuj\u0105c\u0105 histori\u0119 Gda\u0144ska od wczesnego \u015bredniowiecza na Starym [&hellip;]<\/p>\n","protected":false},"author":3,"featured_media":0,"parent":0,"menu_order":0,"comment_status":"closed","ping_status":"closed","template":"","meta":{"footnotes":""},"_links":{"self":[{"href":"https:\/\/gdansksightseeing.pl\/index.php\/wp-json\/wp\/v2\/pages\/19"}],"collection":[{"href":"https:\/\/gdansksightseeing.pl\/index.php\/wp-json\/wp\/v2\/pages"}],"about":[{"href":"https:\/\/gdansksightseeing.pl\/index.php\/wp-json\/wp\/v2\/types\/page"}],"author":[{"embeddable":true,"href":"https:\/\/gdansksightseeing.pl\/index.php\/wp-json\/wp\/v2\/users\/3"}],"replies":[{"embeddable":true,"href":"https:\/\/gdansksightseeing.pl\/index.php\/wp-json\/wp\/v2\/comments?post=19"}],"version-history":[{"count":2,"href":"https:\/\/gdansksightseeing.pl\/index.php\/wp-json\/wp\/v2\/pages\/19\/revisions"}],"predecessor-version":[{"id":82,"href":"https:\/\/gdansksightseeing.pl\/index.php\/wp-json\/wp\/v2\/pages\/19\/revisions\/82"}],"wp:attachment":[{"href":"https:\/\/gdansksightseeing.pl\/index.php\/wp-json\/wp\/v2\/media?parent=19"}],"curies":[{"name":"wp","href":"https:\/\/api.w.org\/{rel}","templated":true}]}}