{"id":52,"date":"2023-09-02T14:00:53","date_gmt":"2023-09-02T14:00:53","guid":{"rendered":"https:\/\/gdansksightseeing.pl\/?page_id=52"},"modified":"2023-09-02T14:00:53","modified_gmt":"2023-09-02T14:00:53","slug":"ue-project","status":"publish","type":"page","link":"https:\/\/gdansksightseeing.pl\/index.php\/ue-project\/","title":{"rendered":"UE Project\u00a0"},"content":{"rendered":"\n<hr class=\"wp-block-separator alignfull has-alpha-channel-opacity\"\/>\n\n\n\n<p class=\"has-medium-font-size\" style=\"padding-top:var(--wp--preset--spacing--40);padding-bottom:0\"><strong>Cele Projektu<\/strong><\/p>\n\n\n\n<p>Ogranicz\u0119 spotkania z klientami polskimi jak i zagranicznymi ograniczaj\u0105c do minimum sprzeda\u017c bezpo\u015bredni\u0105, wycieczki b\u0119d\u0105 prowadzone z zachowaniem odpowiedniej odleg\u0142o\u015bci dzi\u0119ki systemowi tour-guide, pracownik dzi\u0119ki firmowemu laptopowi b\u0119dzie m\u00f3g\u0142 wykonywa\u0107 prac\u0119 zdalnie. Wprowadz\u0119 nowy produkt w swojej firmie zwiedzanie w przestronnym samochodzie elektrycznym w stylistyce retro.<\/p>\n\n\n\n<p style=\"margin-right:0;margin-left:0;padding-top:var(--wp--preset--spacing--40);padding-bottom:0\"><strong>Planowane efekty<\/strong><\/p>\n\n\n\n<p>Dzi\u0119ki zrealizowaniu projektu b\u0119d\u0119 m\u00f3g\u0142 te bariery prze\u0142ama\u0107 poprzez pozyskiwanie klient\u00f3w przez internet, oprowadzanie turyst\u00f3w przy zachowaniu odpowiedniej odleg\u0142o\u015bci z systemem Tour Guide oraz b\u0119d\u0119 m\u00f3g\u0142 utworzy\u0107 stanowisko do pracy zdalnej, dzi\u0119ki komputerowi s\u0142u\u017cbowemu z monitorem i telefonem.<\/p>\n\n\n\n<p style=\"margin-top:var(--wp--preset--spacing--40);margin-bottom:0\"><strong>warto\u015b\u0107 Projektu:<\/strong><\/p>\n\n\n\n<p>110 607,96 z\u0142<\/p>\n\n\n\n<p style=\"margin-top:var(--wp--preset--spacing--50)\"><strong>wk\u0142ad Funduszy Europejskich:<\/strong><\/p>\n\n\n\n<p>97547,07 z\u0142<\/p>\n","protected":false},"excerpt":{"rendered":"<p>Cele Projektu Ogranicz\u0119 spotkania z klientami polskimi jak i zagranicznymi ograniczaj\u0105c do minimum sprzeda\u017c bezpo\u015bredni\u0105, wycieczki b\u0119d\u0105 prowadzone z zachowaniem odpowiedniej odleg\u0142o\u015bci dzi\u0119ki systemowi tour-guide, pracownik dzi\u0119ki firmowemu laptopowi b\u0119dzie m\u00f3g\u0142 wykonywa\u0107 prac\u0119 zdalnie. Wprowadz\u0119 nowy produkt w swojej firmie zwiedzanie w przestronnym samochodzie elektrycznym w stylistyce retro. Planowane efekty Dzi\u0119ki zrealizowaniu projektu b\u0119d\u0119 m\u00f3g\u0142 [&hellip;]<\/p>\n","protected":false},"author":3,"featured_media":0,"parent":0,"menu_order":0,"comment_status":"closed","ping_status":"closed","template":"","meta":{"footnotes":""},"_links":{"self":[{"href":"https:\/\/gdansksightseeing.pl\/index.php\/wp-json\/wp\/v2\/pages\/52"}],"collection":[{"href":"https:\/\/gdansksightseeing.pl\/index.php\/wp-json\/wp\/v2\/pages"}],"about":[{"href":"https:\/\/gdansksightseeing.pl\/index.php\/wp-json\/wp\/v2\/types\/page"}],"author":[{"embeddable":true,"href":"https:\/\/gdansksightseeing.pl\/index.php\/wp-json\/wp\/v2\/users\/3"}],"replies":[{"embeddable":true,"href":"https:\/\/gdansksightseeing.pl\/index.php\/wp-json\/wp\/v2\/comments?post=52"}],"version-history":[{"count":1,"href":"https:\/\/gdansksightseeing.pl\/index.php\/wp-json\/wp\/v2\/pages\/52\/revisions"}],"predecessor-version":[{"id":53,"href":"https:\/\/gdansksightseeing.pl\/index.php\/wp-json\/wp\/v2\/pages\/52\/revisions\/53"}],"wp:attachment":[{"href":"https:\/\/gdansksightseeing.pl\/index.php\/wp-json\/wp\/v2\/media?parent=52"}],"curies":[{"name":"wp","href":"https:\/\/api.w.org\/{rel}","templated":true}]}}