{"id":62,"date":"2023-09-02T14:16:36","date_gmt":"2023-09-02T14:16:36","guid":{"rendered":"https:\/\/gdansksightseeing.pl\/?page_id=62"},"modified":"2023-09-02T14:29:12","modified_gmt":"2023-09-02T14:29:12","slug":"zwiedzaj-gdansk-zabytkowym-meleksem-2","status":"publish","type":"page","link":"https:\/\/gdansksightseeing.pl\/index.php\/zwiedzaj-gdansk-zabytkowym-meleksem-2\/","title":{"rendered":"Zwiedzaj Gda\u0144sk Zabytkowym Meleksem"},"content":{"rendered":"\n<hr class=\"wp-block-separator alignfull has-alpha-channel-opacity\"\/>\n\n\n\n<figure class=\"wp-block-image size-large\"><img decoding=\"async\" loading=\"lazy\" width=\"1024\" height=\"576\" src=\"https:\/\/gdansksightseeing.pl\/wp-content\/uploads\/2023\/09\/gdansk-image-1-4-1024x576.jpg\" alt=\"\" class=\"wp-image-63\" srcset=\"https:\/\/gdansksightseeing.pl\/wp-content\/uploads\/2023\/09\/gdansk-image-1-4-1024x576.jpg 1024w, https:\/\/gdansksightseeing.pl\/wp-content\/uploads\/2023\/09\/gdansk-image-1-4-300x169.jpg 300w, https:\/\/gdansksightseeing.pl\/wp-content\/uploads\/2023\/09\/gdansk-image-1-4-768x432.jpg 768w, https:\/\/gdansksightseeing.pl\/wp-content\/uploads\/2023\/09\/gdansk-image-1-4-1536x864.jpg 1536w, https:\/\/gdansksightseeing.pl\/wp-content\/uploads\/2023\/09\/gdansk-image-1-4.jpg 1920w\" sizes=\"(max-width: 1024px) 100vw, 1024px\" \/><\/figure>\n\n\n\n<p><strong>Przegl\u0105d najwa\u017cniejszych wydarze\u0144:<\/strong><\/p>\n\n\n\n<ul>\n<li>Ciesz si\u0119 wygodn\u0105 wycieczk\u0105 po mie\u015bcie samochodem elektrycznym<\/li>\n\n\n\n<li>Odkryj wszystkie najlepsze zabytki w Gda\u0144sku, takie jak ko\u015bci\u00f3\u0142 Mariacki, fontanna Neptuna, stocznia<\/li>\n\n\n\n<li>Poznaj fascynuj\u0105c\u0105 histori\u0119 Gda\u0144ska poprzez Stare i G\u0142\u00f3wne Miasto<\/li>\n\n\n\n<li>Pos\u0142uchaj wspania\u0142ych historii i legend lokalnego przewodnika<\/li>\n\n\n\n<li>Skorzystaj z jazdy ekologicznym samochodem elektrycznym<\/li>\n<\/ul>\n\n\n\n<p><strong>Kr\u00f3tki opis:<\/strong><\/p>\n\n\n\n<p>Historia Gda\u0144ska rozci\u0105ga si\u0119 tak\u017ce na Stare Miasto i G\u0142\u00f3wne Miasto, wi\u0119c wybierz \u0142atwy i wygodny spos\u00f3b na zwiedzanie ca\u0142ego tego obszaru Samochodem Elektrycznym. Odkryj atrakcje Gda\u0144ska z przewodnikiem i zobacz niezwyk\u0142e zabytki, takie jak Ko\u015bci\u00f3\u0142 Mariacki, Dw\u00f3r Artura i Z\u0142ota Brama.<\/p>\n\n\n\n<p><strong>Pe\u0142ny opis:<\/strong><strong><br><\/strong>Prze\u017cyj wspania\u0142\u0105 wycieczk\u0119 po mie\u015bcie samochodem elektrycznym w centrum Gda\u0144ska. Wskocz na pok\u0142ad i podziwiaj Stare Miasto i G\u0142\u00f3wne Miasto podczas jednej wycieczki. Ciesz si\u0119 towarzystwem profesjonalnego lokalnego przewodnika, kt\u00f3ry opowie Ci fascynuj\u0105c\u0105 histori\u0119 Gda\u0144ska od wczesnego \u015bredniowiecza na Starym Mie\u015bcie do czas\u00f3w komunizmu na Stoczni.<\/p>\n\n\n\n<p>Podziwiaj pi\u0119kno Gda\u0144skiej Star\u00f3wki i poczuj fantastyczn\u0105 atmosfer\u0119 na D\u0142ugim Targu. Znajdziesz tam niesamowite budynki, takie jak Ko\u015bci\u00f3\u0142 Mariacki, kt\u00f3ry jest najwi\u0119kszym ceglanym ko\u015bcio\u0142em na \u015bwiecie. Na ka\u017cdym rogu odkryjesz coraz wi\u0119cej. Zobacz Arthur\u2019s Court, Golden Gate i jedynego w swoim rodzaju Cranza.<\/p>\n\n\n\n<p>Dzi\u0119ki elektrycznemu samochodowi mo\u017cesz zobaczy\u0107 wi\u0119cej w kr\u00f3tszym czasie! Tak wi\u0119c podczas tej wycieczki przejedziesz przez Stare Miasto i G\u0142\u00f3wne Miasto. Jest wiele do odkrycia! Mi\u0144 ratusz i ko\u015bci\u00f3\u0142 \u015bw. Brygidy, by dotrze\u0107 na teren Stoczni, gdzie poznasz historie z czas\u00f3w PRL-u. Mo\u017cesz wybra\u0107, czy chcesz sprawdzi\u0107 t\u0119 rund\u0119 tylko ze znajomymi lub rodzin\u0105 podczas prywatnej wycieczki, czy do\u0142\u0105czy\u0107 do grupy w opcji wsp\u00f3lnej.<br><\/p>\n\n\n\n<p><strong>Co jest zawarte:<\/strong><\/p>\n\n\n\n<ul>\n<li>2-godzinne zwiedzanie Gda\u0144ska&nbsp;<\/li>\n\n\n\n<li>Prywatny profesjonalny przewodnik na \u017cywo&nbsp;<\/li>\n\n\n\n<li>Wygodna i ekologiczna jazda samochodem elektrycznym<\/li>\n\n\n\n<li>Mn\u00f3stwo informacji o Gda\u0144sku, historii i zwyczajach<\/li>\n\n\n\n<li>Ciekawa trasa pe\u0142na Gda\u0144sk G\u0142\u00f3wne atrakcje Starego Miasta<\/li>\n<\/ul>\n\n\n\n<p><strong>Wiedz przed wyjazdem:<\/strong><\/p>\n\n\n\n<p>\u2022 Sprawd\u017a poczt\u0119 e-mail na dzie\u0144 przed wycieczk\u0105, aby otrzyma\u0107 wa\u017cne informacje<\/p>\n\n\n\n<p><strong>\u017beby wykupi\u0107 wycieczk\u0119 \u2013 wy\u015blij zapytanie na maila kontakt@gdansksightseeing.pl<\/strong><\/p>\n","protected":false},"excerpt":{"rendered":"<p>Przegl\u0105d najwa\u017cniejszych wydarze\u0144: Kr\u00f3tki opis: Historia Gda\u0144ska rozci\u0105ga si\u0119 tak\u017ce na Stare Miasto i G\u0142\u00f3wne Miasto, wi\u0119c wybierz \u0142atwy i wygodny spos\u00f3b na zwiedzanie ca\u0142ego tego obszaru Samochodem Elektrycznym. Odkryj atrakcje Gda\u0144ska z przewodnikiem i zobacz niezwyk\u0142e zabytki, takie jak Ko\u015bci\u00f3\u0142 Mariacki, Dw\u00f3r Artura i Z\u0142ota Brama. Pe\u0142ny opis:Prze\u017cyj wspania\u0142\u0105 wycieczk\u0119 po mie\u015bcie samochodem elektrycznym [&hellip;]<\/p>\n","protected":false},"author":3,"featured_media":0,"parent":0,"menu_order":0,"comment_status":"closed","ping_status":"closed","template":"","meta":{"footnotes":""},"_links":{"self":[{"href":"https:\/\/gdansksightseeing.pl\/index.php\/wp-json\/wp\/v2\/pages\/62"}],"collection":[{"href":"https:\/\/gdansksightseeing.pl\/index.php\/wp-json\/wp\/v2\/pages"}],"about":[{"href":"https:\/\/gdansksightseeing.pl\/index.php\/wp-json\/wp\/v2\/types\/page"}],"author":[{"embeddable":true,"href":"https:\/\/gdansksightseeing.pl\/index.php\/wp-json\/wp\/v2\/users\/3"}],"replies":[{"embeddable":true,"href":"https:\/\/gdansksightseeing.pl\/index.php\/wp-json\/wp\/v2\/comments?post=62"}],"version-history":[{"count":2,"href":"https:\/\/gdansksightseeing.pl\/index.php\/wp-json\/wp\/v2\/pages\/62\/revisions"}],"predecessor-version":[{"id":77,"href":"https:\/\/gdansksightseeing.pl\/index.php\/wp-json\/wp\/v2\/pages\/62\/revisions\/77"}],"wp:attachment":[{"href":"https:\/\/gdansksightseeing.pl\/index.php\/wp-json\/wp\/v2\/media?parent=62"}],"curies":[{"name":"wp","href":"https:\/\/api.w.org\/{rel}","templated":true}]}}